{"id":182,"date":"2026-01-29T17:03:05","date_gmt":"2026-01-29T17:03:05","guid":{"rendered":"http:\/\/zpffglr.cluster100.hosting.ovh.net\/?page_id=182"},"modified":"2026-01-29T17:06:19","modified_gmt":"2026-01-29T17:06:19","slug":"demarche-artistique","status":"publish","type":"page","link":"https:\/\/www.emmanueldecockborne.art\/index.php\/demarche-artistique\/","title":{"rendered":"D\u00e9marche artistique"},"content":{"rendered":"\n<h3 class=\"wp-block-heading\">Le choix du m\u00e9tal<\/h3>\n\n\n\n<p>Le m\u00e9tal se pr\u00eate \u00e0 toutes les contorsions : coup\u00e9, tordu, frapp\u00e9, \u00e9tir\u00e9, fondu, perc\u00e9, soud\u00e9. Il passe sous le chalumeau, la torche plasma, le feu de la forge, entre le marteau et l\u2019enclume, sous la morsure de la meuleuse.<\/p>\n\n\n\n<p>Le m\u00e9tal se glane n\u2019importe o\u00f9 : dans un bois, dans une friche, dans une d\u00e9charge, dans les garages et les caves de tous ses amis&#8230; les morceaux collect\u00e9s \u00e9voquent pour moi des lieux et des rencontres &#8230; Le tout assembl\u00e9 devient une \u0153uvre nouvelle qui en garde la m\u00e9moire.<\/p>\n\n\n\n<p>J&rsquo;aime \u00e0 jouer sur les oppositions, les contrastes, les contradictions. Alors que le m\u00e9tal \u00e9voque un mat\u00e9riau froid et brut, je t\u00e2che de le travailler tout en d\u00e9licatesse. Alors que cet acier corrod\u00e9 donne l\u2019id\u00e9e de la force et de la p\u00e9rennit\u00e9, je choisis de repr\u00e9senter des \u00eatres vivants, fragiles et mortels.<\/p>\n\n\n\n<h3 class=\"wp-block-heading\">Les sujets<\/h3>\n\n\n\n<p>Mes premi\u00e8res \u0153uvres se sont attach\u00e9es aux bestioles et aux oiseaux. R\u00e9interpr\u00e9t\u00e9s, parfois exag\u00e9r\u00e9ment agrandis, je cherche \u00e0 provoquer chez le spectateur la curiosit\u00e9, l\u2019observation minutieuse du savant en admiration devant l\u2019ing\u00e9niosit\u00e9 de la nature.<\/p>\n\n\n\n<p>J&rsquo;ai travaill\u00e9 un temps sur le sujet de la symbiose animale. Rien n\u2019est \u00e9tanche dans la nature, je m&rsquo;offre en m\u00e9diateur entre la nature et le spectateur, je cherche \u00e0 faire d\u00e9couvrir ces strat\u00e9gies de survie et d\u2019intelligence sub-verbales.<\/p>\n\n\n\n<p>\u00c9videmment, mes \u0153uvres doivent beaucoup \u00e0 mon premier m\u00e9tier de paysagiste-concepteur, dans lequel on cherche \u00e0 r\u00e9v\u00e9ler un site comme je cherche \u00e0 r\u00e9v\u00e9ler les qualit\u00e9s d&rsquo;une mati\u00e8re. Comme le paysagiste organise un site de mani\u00e8re \u00e0 ce que son intervention soit la plus \u00e9vidente et imperceptible possible, mes branches paraissent parfois tomb\u00e9es de l&rsquo;arbre.<\/p>\n\n\n\n<p>Je travaille en ce moment sur des oxydations pour imiter les teintes des lichens, encore un lien entre deux r\u00e8gnes, celui de l&rsquo;algue et du champignon&#8230;<\/p>\n","protected":false},"excerpt":{"rendered":"<p>Le choix du m\u00e9tal Le m\u00e9tal se pr\u00eate \u00e0 toutes les contorsions : [&hellip;]<\/p>\n","protected":false},"author":1,"featured_media":92,"parent":0,"menu_order":0,"comment_status":"closed","ping_status":"closed","template":"","meta":{"footnotes":""},"class_list":["post-182","page","type-page","status-publish","has-post-thumbnail","hentry"],"_links":{"self":[{"href":"https:\/\/www.emmanueldecockborne.art\/index.php\/wp-json\/wp\/v2\/pages\/182","targetHints":{"allow":["GET"]}}],"collection":[{"href":"https:\/\/www.emmanueldecockborne.art\/index.php\/wp-json\/wp\/v2\/pages"}],"about":[{"href":"https:\/\/www.emmanueldecockborne.art\/index.php\/wp-json\/wp\/v2\/types\/page"}],"author":[{"embeddable":true,"href":"https:\/\/www.emmanueldecockborne.art\/index.php\/wp-json\/wp\/v2\/users\/1"}],"replies":[{"embeddable":true,"href":"https:\/\/www.emmanueldecockborne.art\/index.php\/wp-json\/wp\/v2\/comments?post=182"}],"version-history":[{"count":0,"href":"https:\/\/www.emmanueldecockborne.art\/index.php\/wp-json\/wp\/v2\/pages\/182\/revisions"}],"wp:featuredmedia":[{"embeddable":true,"href":"https:\/\/www.emmanueldecockborne.art\/index.php\/wp-json\/wp\/v2\/media\/92"}],"wp:attachment":[{"href":"https:\/\/www.emmanueldecockborne.art\/index.php\/wp-json\/wp\/v2\/media?parent=182"}],"curies":[{"name":"wp","href":"https:\/\/api.w.org\/{rel}","templated":true}]}}