{"id":213,"date":"2026-02-03T10:46:59","date_gmt":"2026-02-03T10:46:59","guid":{"rendered":"http:\/\/zpffglr.cluster100.hosting.ovh.net\/?page_id=213"},"modified":"2026-04-06T08:26:34","modified_gmt":"2026-04-06T08:26:34","slug":"les-oeuvres","status":"publish","type":"page","link":"https:\/\/www.emmanueldecockborne.art\/index.php\/les-oeuvres\/","title":{"rendered":"Les Oeuvres"},"content":{"rendered":"<div data-colibri-id=\"213-c1\" class=\"style-320 style-local-213-c1 position-relative\">\r\n  <!---->\r\n  <div data-colibri-component=\"section\" data-colibri-id=\"213-c2\" id=\"custom\" class=\"h-section h-section-global-spacing d-flex align-items-lg-center align-items-md-center align-items-center style-321 style-local-213-c2 position-relative\">\r\n    <!---->\r\n    <!---->\r\n    <div class=\"h-section-grid-container h-section-boxed-container\">\r\n      <!---->\r\n      <div data-colibri-id=\"213-c3\" class=\"h-row-container gutters-row-lg-2 gutters-row-md-2 gutters-row-0 gutters-row-v-lg-2 gutters-row-v-md-2 gutters-row-v-2 style-322 style-local-213-c3 position-relative\">\r\n        <!---->\r\n        <div class=\"h-row justify-content-lg-center justify-content-md-center justify-content-center align-items-lg-stretch align-items-md-stretch align-items-stretch gutters-col-lg-2 gutters-col-md-2 gutters-col-0 gutters-col-v-lg-2 gutters-col-v-md-2 gutters-col-v-2\">\r\n          <!---->\r\n          <div class=\"h-column h-column-container d-flex h-col-lg-auto h-col-md-auto h-col-auto style-325-outer style-local-213-c4-outer\">\r\n            <div data-colibri-id=\"213-c4\" class=\"d-flex h-flex-basis h-column__inner h-px-lg-2 h-px-md-2 h-px-2 v-inner-lg-2 v-inner-md-2 v-inner-2 style-325 style-local-213-c4 position-relative\">\r\n              <!---->\r\n              <!---->\r\n              <div class=\"w-100 h-y-container h-column__content h-column__v-align flex-basis-100 align-self-lg-start align-self-md-start align-self-start\">\r\n                <!---->\r\n                <div data-colibri-id=\"213-c5\" class=\"d-block style-332 style-local-213-c5 position-relative h-element\">\r\n                  <!---->\r\n                  <div class=\"h-image__frame-container-outer\">\r\n                    <a href=\"https:\/\/www.emmanueldecockborne.art\/index.php\/les-oeuvres\/lichens-et-autres\/\" h-use-smooth-scroll=\"true\" class=\"image-link\">\r\n                      <div class=\"h-image__frame-container\">\r\n                        <!---->\r\n                        <!---->\r\n                        <img loading=\"lazy\" decoding=\"async\" width=\"1909\" height=\"1909\" src=\"https:\/\/www.emmanueldecockborne.art\/wp-content\/uploads\/2026\/03\/cropped-cropped-lichens-3-1.jpg\" class=\"wp-image-608 style-332-image style-local-213-c5-image\" alt=\"\" srcset=\"https:\/\/www.emmanueldecockborne.art\/wp-content\/uploads\/2026\/03\/cropped-cropped-lichens-3-1.jpg 1909w, https:\/\/www.emmanueldecockborne.art\/wp-content\/uploads\/2026\/03\/cropped-cropped-lichens-3-1-300x300.jpg 300w, https:\/\/www.emmanueldecockborne.art\/wp-content\/uploads\/2026\/03\/cropped-cropped-lichens-3-1-1024x1024.jpg 1024w, https:\/\/www.emmanueldecockborne.art\/wp-content\/uploads\/2026\/03\/cropped-cropped-lichens-3-1-150x150.jpg 150w, https:\/\/www.emmanueldecockborne.art\/wp-content\/uploads\/2026\/03\/cropped-cropped-lichens-3-1-768x768.jpg 768w, https:\/\/www.emmanueldecockborne.art\/wp-content\/uploads\/2026\/03\/cropped-cropped-lichens-3-1-1536x1536.jpg 1536w\" sizes=\"auto, (max-width: 1909px) 100vw, 1909px\" \/>\r\n                        <div class=\"h-image__frame h-hide-lg h-hide-md h-hide-sm style-332-frameImage style-local-213-c5-frameImage\"><\/div>\r\n                      <\/div>\r\n                      <div class=\"style-332-caption style-local-213-c5-caption\">\r\n                        D\u00e9couvrez la galerie des lichens et autres\r\n                      <\/div>\r\n                    <\/a>\r\n                  <\/div>\r\n                <\/div>\r\n              <\/div>\r\n            <\/div>\r\n          <\/div>\r\n          <div class=\"h-column h-column-container d-flex h-col-lg-auto h-col-md-auto h-col-auto style-333-outer style-local-213-c6-outer\">\r\n            <div data-colibri-id=\"213-c6\" class=\"d-flex h-flex-basis h-column__inner h-px-lg-2 h-px-md-2 h-px-2 v-inner-lg-2 v-inner-md-2 v-inner-2 style-333 style-local-213-c6 position-relative\">\r\n              <!---->\r\n              <!---->\r\n              <div class=\"w-100 h-y-container h-column__content h-column__v-align flex-basis-100 align-self-lg-start align-self-md-start align-self-start\">\r\n                <!---->\r\n                <div data-colibri-id=\"213-c7\" class=\"d-block style-334 style-local-213-c7 position-relative h-element\">\r\n                  <!---->\r\n                  <div class=\"h-image__frame-container-outer\">\r\n                    <a href=\"https:\/\/www.emmanueldecockborne.art\/index.php\/les-oeuvres\/inflorescences\/\" h-use-smooth-scroll=\"true\" class=\"image-link\">\r\n                      <div class=\"h-image__frame-container\">\r\n                        <!---->\r\n                        <!---->\r\n                        <img loading=\"lazy\" decoding=\"async\" width=\"781\" height=\"800\" src=\"https:\/\/www.emmanueldecockborne.art\/wp-content\/uploads\/2026\/02\/cropped-cropped-9-fleur-bleue-31X31X46-20220607-165515medium_large.1680445513-1-1.jpg\" class=\"wp-image-471 style-334-image style-local-213-c7-image\" alt=\"\" srcset=\"https:\/\/www.emmanueldecockborne.art\/wp-content\/uploads\/2026\/02\/cropped-cropped-9-fleur-bleue-31X31X46-20220607-165515medium_large.1680445513-1-1.jpg 781w, https:\/\/www.emmanueldecockborne.art\/wp-content\/uploads\/2026\/02\/cropped-cropped-9-fleur-bleue-31X31X46-20220607-165515medium_large.1680445513-1-1-293x300.jpg 293w, https:\/\/www.emmanueldecockborne.art\/wp-content\/uploads\/2026\/02\/cropped-cropped-9-fleur-bleue-31X31X46-20220607-165515medium_large.1680445513-1-1-768x787.jpg 768w\" sizes=\"auto, (max-width: 781px) 100vw, 781px\" \/>\r\n                        <div class=\"h-image__frame h-hide-lg h-hide-md h-hide-sm style-334-frameImage style-local-213-c7-frameImage\"><\/div>\r\n                      <\/div>\r\n                      <div class=\"style-334-caption style-local-213-c7-caption\">\r\n                        D\u00e9couvrez la galerie des Inflorescences\r\n                      <\/div>\r\n                    <\/a>\r\n                  <\/div>\r\n                <\/div>\r\n              <\/div>\r\n            <\/div>\r\n          <\/div>\r\n          <div class=\"h-column h-column-container d-flex h-col-lg-auto h-col-md-auto h-col-auto style-335-outer style-local-213-c8-outer\">\r\n            <div data-colibri-id=\"213-c8\" class=\"d-flex h-flex-basis h-column__inner h-px-lg-2 h-px-md-2 h-px-2 v-inner-lg-2 v-inner-md-2 v-inner-2 style-335 style-local-213-c8 position-relative\">\r\n              <!---->\r\n              <!---->\r\n              <div class=\"w-100 h-y-container h-column__content h-column__v-align flex-basis-100 align-self-lg-start align-self-md-start align-self-start\">\r\n                <!---->\r\n                <div data-colibri-id=\"213-c9\" class=\"d-block style-336 style-local-213-c9 position-relative h-element\">\r\n                  <!---->\r\n                  <div class=\"h-image__frame-container-outer\">\r\n                    <a href=\"https:\/\/www.emmanueldecockborne.art\/index.php\/les-oeuvres\/arborescences\/\" h-use-smooth-scroll=\"true\" class=\"image-link\">\r\n                      <div class=\"h-image__frame-container\">\r\n                        <!---->\r\n                        <!---->\r\n                        <img loading=\"lazy\" decoding=\"async\" width=\"783\" height=\"783\" src=\"https:\/\/www.emmanueldecockborne.art\/wp-content\/uploads\/2026\/02\/cropped-cropped-cropped-cropped-cropped-buxusmedium_large.1578489014.jpg\" class=\"wp-image-473 style-336-image style-local-213-c9-image\" alt=\"\" srcset=\"https:\/\/www.emmanueldecockborne.art\/wp-content\/uploads\/2026\/02\/cropped-cropped-cropped-cropped-cropped-buxusmedium_large.1578489014.jpg 783w, https:\/\/www.emmanueldecockborne.art\/wp-content\/uploads\/2026\/02\/cropped-cropped-cropped-cropped-cropped-buxusmedium_large.1578489014-300x300.jpg 300w, https:\/\/www.emmanueldecockborne.art\/wp-content\/uploads\/2026\/02\/cropped-cropped-cropped-cropped-cropped-buxusmedium_large.1578489014-150x150.jpg 150w, https:\/\/www.emmanueldecockborne.art\/wp-content\/uploads\/2026\/02\/cropped-cropped-cropped-cropped-cropped-buxusmedium_large.1578489014-768x768.jpg 768w\" sizes=\"auto, (max-width: 783px) 100vw, 783px\" \/>\r\n                        <div class=\"h-image__frame h-hide-lg h-hide-md h-hide-sm style-336-frameImage style-local-213-c9-frameImage\"><\/div>\r\n                      <\/div>\r\n                      <div class=\"style-336-caption style-local-213-c9-caption\">\r\n                        D\u00e9couvrez la galerie de l&rsquo;Arborescence\r\n                      <\/div>\r\n                    <\/a>\r\n                  <\/div>\r\n                <\/div>\r\n              <\/div>\r\n            <\/div>\r\n          <\/div>\r\n          <div class=\"h-column h-column-container d-flex h-col-lg-auto h-col-md-auto h-col-auto style-609-outer style-local-213-c10-outer\">\r\n            <div data-colibri-id=\"213-c10\" class=\"d-flex h-flex-basis h-column__inner h-px-lg-2 h-px-md-2 h-px-2 v-inner-lg-2 v-inner-md-2 v-inner-2 style-609 style-local-213-c10 position-relative\">\r\n              <!---->\r\n              <!---->\r\n              <div class=\"w-100 h-y-container h-column__content h-column__v-align flex-basis-100 align-self-lg-start align-self-md-start align-self-start\">\r\n                <!---->\r\n                <div data-colibri-id=\"213-c11\" class=\"d-block style-610 style-local-213-c11 position-relative h-element\">\r\n                  <!---->\r\n                  <div class=\"h-image__frame-container-outer\">\r\n                    <a href=\"https:\/\/www.emmanueldecockborne.art\/index.php\/les-oeuvres\/arts-de-la-table-et-bijoux\/\" h-use-smooth-scroll=\"true\" class=\"image-link\">\r\n                      <div class=\"h-image__frame-container\">\r\n                        <!---->\r\n                        <!---->\r\n                        <img loading=\"lazy\" decoding=\"async\" width=\"2558\" height=\"1562\" src=\"https:\/\/www.emmanueldecockborne.art\/wp-content\/uploads\/2026\/03\/cropped-cropped-cropped-petit-plat-dorure-a-la-feuille-scaled-1-1.jpg\" class=\"wp-image-538 style-610-image style-local-213-c11-image\" alt=\"\" srcset=\"https:\/\/www.emmanueldecockborne.art\/wp-content\/uploads\/2026\/03\/cropped-cropped-cropped-petit-plat-dorure-a-la-feuille-scaled-1-1.jpg 2558w, https:\/\/www.emmanueldecockborne.art\/wp-content\/uploads\/2026\/03\/cropped-cropped-cropped-petit-plat-dorure-a-la-feuille-scaled-1-1-300x183.jpg 300w, https:\/\/www.emmanueldecockborne.art\/wp-content\/uploads\/2026\/03\/cropped-cropped-cropped-petit-plat-dorure-a-la-feuille-scaled-1-1-1024x625.jpg 1024w, https:\/\/www.emmanueldecockborne.art\/wp-content\/uploads\/2026\/03\/cropped-cropped-cropped-petit-plat-dorure-a-la-feuille-scaled-1-1-768x469.jpg 768w, https:\/\/www.emmanueldecockborne.art\/wp-content\/uploads\/2026\/03\/cropped-cropped-cropped-petit-plat-dorure-a-la-feuille-scaled-1-1-1536x938.jpg 1536w, https:\/\/www.emmanueldecockborne.art\/wp-content\/uploads\/2026\/03\/cropped-cropped-cropped-petit-plat-dorure-a-la-feuille-scaled-1-1-2048x1251.jpg 2048w\" sizes=\"auto, (max-width: 2558px) 100vw, 2558px\" \/>\r\n                        <div class=\"h-image__frame h-hide-lg h-hide-md h-hide-sm style-610-frameImage style-local-213-c11-frameImage\"><\/div>\r\n                      <\/div>\r\n                      <div class=\"style-610-caption style-local-213-c11-caption\">\r\n                        D\u00e9couvrez la galerie des Arts de la table et bijoux\r\n                      <\/div>\r\n                    <\/a>\r\n                  <\/div>\r\n                <\/div>\r\n              <\/div>\r\n            <\/div>\r\n          <\/div>\r\n          <div class=\"h-column h-column-container d-flex h-col-lg-auto h-col-md-auto h-col-auto style-644-outer style-local-213-c16-outer\">\r\n            <div data-colibri-id=\"213-c16\" class=\"d-flex h-flex-basis h-column__inner h-px-lg-2 h-px-md-2 h-px-2 v-inner-lg-2 v-inner-md-2 v-inner-2 style-644 style-local-213-c16 position-relative\">\r\n              <!---->\r\n              <!---->\r\n              <div class=\"w-100 h-y-container h-column__content h-column__v-align flex-basis-100 align-self-lg-start align-self-md-start align-self-start\">\r\n                <!---->\r\n                <div data-colibri-id=\"213-c17\" class=\"d-block style-645 style-local-213-c17 position-relative h-element\">\r\n                  <!---->\r\n                  <div class=\"h-image__frame-container-outer\">\r\n                    <a href=\"https:\/\/www.emmanueldecockborne.art\/index.php\/les-oeuvres\/bestiaires\/\" h-use-smooth-scroll=\"true\" class=\"image-link\">\r\n                      <div class=\"h-image__frame-container\">\r\n                        <!---->\r\n                        <!---->\r\n                        <img loading=\"lazy\" decoding=\"async\" width=\"2559\" height=\"1703\" src=\"https:\/\/www.emmanueldecockborne.art\/wp-content\/uploads\/2026\/03\/cropped-19.-lenvol-2022-scaled-2.jpg\" class=\"wp-image-564 style-645-image style-local-213-c17-image\" alt=\"\" srcset=\"https:\/\/www.emmanueldecockborne.art\/wp-content\/uploads\/2026\/03\/cropped-19.-lenvol-2022-scaled-2.jpg 2559w, https:\/\/www.emmanueldecockborne.art\/wp-content\/uploads\/2026\/03\/cropped-19.-lenvol-2022-scaled-2-300x200.jpg 300w, https:\/\/www.emmanueldecockborne.art\/wp-content\/uploads\/2026\/03\/cropped-19.-lenvol-2022-scaled-2-1024x681.jpg 1024w, https:\/\/www.emmanueldecockborne.art\/wp-content\/uploads\/2026\/03\/cropped-19.-lenvol-2022-scaled-2-768x511.jpg 768w, https:\/\/www.emmanueldecockborne.art\/wp-content\/uploads\/2026\/03\/cropped-19.-lenvol-2022-scaled-2-1536x1022.jpg 1536w, https:\/\/www.emmanueldecockborne.art\/wp-content\/uploads\/2026\/03\/cropped-19.-lenvol-2022-scaled-2-2048x1363.jpg 2048w\" sizes=\"auto, (max-width: 2559px) 100vw, 2559px\" \/>\r\n                        <div class=\"h-image__frame h-hide-lg h-hide-md h-hide-sm style-645-frameImage style-local-213-c17-frameImage\"><\/div>\r\n                      <\/div>\r\n                      <div class=\"style-645-caption style-local-213-c17-caption\">\r\n                        D\u00e9couvrez la galerie des bestiaires\r\n                      <\/div>\r\n                    <\/a>\r\n                  <\/div>\r\n                <\/div>\r\n              <\/div>\r\n            <\/div>\r\n          <\/div>\r\n        <\/div>\r\n      <\/div>\r\n    <\/div>\r\n  <\/div>\r\n<\/div>","protected":false},"excerpt":{"rendered":"<p>D\u00e9couvrez la galerie des lichens et autres D\u00e9couvrez la galerie des Inflorescences D\u00e9couvrez [&hellip;]<\/p>\n","protected":false},"author":1,"featured_media":0,"parent":0,"menu_order":0,"comment_status":"closed","ping_status":"closed","template":"page-templates\/full-width-page.php","meta":{"footnotes":""},"class_list":["post-213","page","type-page","status-publish","hentry"],"_links":{"self":[{"href":"https:\/\/www.emmanueldecockborne.art\/index.php\/wp-json\/wp\/v2\/pages\/213","targetHints":{"allow":["GET"]}}],"collection":[{"href":"https:\/\/www.emmanueldecockborne.art\/index.php\/wp-json\/wp\/v2\/pages"}],"about":[{"href":"https:\/\/www.emmanueldecockborne.art\/index.php\/wp-json\/wp\/v2\/types\/page"}],"author":[{"embeddable":true,"href":"https:\/\/www.emmanueldecockborne.art\/index.php\/wp-json\/wp\/v2\/users\/1"}],"replies":[{"embeddable":true,"href":"https:\/\/www.emmanueldecockborne.art\/index.php\/wp-json\/wp\/v2\/comments?post=213"}],"version-history":[{"count":6,"href":"https:\/\/www.emmanueldecockborne.art\/index.php\/wp-json\/wp\/v2\/pages\/213\/revisions"}],"predecessor-version":[{"id":610,"href":"https:\/\/www.emmanueldecockborne.art\/index.php\/wp-json\/wp\/v2\/pages\/213\/revisions\/610"}],"wp:attachment":[{"href":"https:\/\/www.emmanueldecockborne.art\/index.php\/wp-json\/wp\/v2\/media?parent=213"}],"curies":[{"name":"wp","href":"https:\/\/api.w.org\/{rel}","templated":true}]}}