{"id":657,"date":"2026-04-06T08:40:35","date_gmt":"2026-04-06T08:40:35","guid":{"rendered":"https:\/\/www.emmanueldecockborne.art\/?page_id=657"},"modified":"2026-04-06T09:00:49","modified_gmt":"2026-04-06T09:00:49","slug":"fleurs","status":"publish","type":"page","link":"https:\/\/www.emmanueldecockborne.art\/index.php\/les-oeuvres\/fleurs\/","title":{"rendered":"Fleurs"},"content":{"rendered":"<div data-colibri-id=\"657-c1\" class=\"style-708 style-local-657-c1 position-relative\">\n  <!---->\n  <div data-colibri-component=\"section\" data-colibri-id=\"657-c2\" id=\"portfolio\" class=\"h-section h-section-global-spacing d-flex align-items-lg-center align-items-md-center align-items-center style-709 style-local-657-c2 position-relative\">\n    <!---->\n    <!---->\n    <div class=\"h-section-grid-container h-section-fluid-container\">\n      <div data-colibri-id=\"657-c6\" class=\"h-row-container gutters-row-lg-2 gutters-row-md-2 gutters-row-0 gutters-row-v-lg-2 gutters-row-v-md-2 gutters-row-v-2 style-733 style-local-657-c6 position-relative\">\n        <!---->\n        <div class=\"h-row justify-content-lg-center justify-content-md-center justify-content-center align-items-lg-stretch align-items-md-stretch align-items-stretch gutters-col-lg-2 gutters-col-md-2 gutters-col-0 gutters-col-v-lg-2 gutters-col-v-md-2 gutters-col-v-2\">\n          <!---->\n          <div class=\"h-column h-column-container d-flex h-col-lg-auto h-col-md-auto h-col-auto style-734-outer style-local-657-c7-outer\">\n            <div data-colibri-id=\"657-c7\" class=\"d-flex h-flex-basis h-column__inner h-px-lg-2 h-px-md-2 h-px-2 v-inner-lg-2 v-inner-md-2 v-inner-2 style-734 style-local-657-c7 position-relative\">\n              <!---->\n              <!---->\n              <div class=\"w-100 h-y-container h-column__content h-column__v-align flex-basis-100 align-self-lg-start align-self-md-start align-self-start\">\n                <!---->\n                <div data-colibri-id=\"657-c8\" class=\"h-lead h-text h-text-component style-735 style-local-657-c8 position-relative h-element\">\n                  <!---->\n                  <!---->\n                  <div class=\"\">\n                    <p>d\u00e9couvrez mes r\u00e9alisations dans la cat\u00e9gorie fleurs.&nbsp;<\/p>\n                  <\/div>\n                <\/div>\n                <div data-colibri-id=\"657-c9\" class=\"h-global-transition-all h-heading style-736 style-local-657-c9 position-relative h-element\">\n                  <!---->\n                  <div class=\"h-heading__outer style-736 style-local-657-c9\">\n                    <!---->\n                    <!---->\n                    <h2 class=\"\">Galerie<\/h2>\n                  <\/div>\n                <\/div>\n              <\/div>\n            <\/div>\n          <\/div>\n        <\/div>\n      <\/div>\n      <div data-colibri-id=\"657-c3\" class=\"h-row-container gutters-row-lg-2 gutters-row-md-2 gutters-row-0 gutters-row-v-lg-2 gutters-row-v-md-2 gutters-row-v-2 style-710 style-local-657-c3 position-relative\">\n        <!---->\n        <div class=\"h-row justify-content-lg-center justify-content-md-center justify-content-center align-items-lg-stretch align-items-md-stretch align-items-stretch gutters-col-lg-2 gutters-col-md-2 gutters-col-0 gutters-col-v-lg-2 gutters-col-v-md-2 gutters-col-v-2\">\n          <!---->\n          <div class=\"h-column h-column-container d-flex h-col-lg-auto h-col-md-auto h-col-auto style-711-outer style-local-657-c4-outer\">\n            <div data-colibri-id=\"657-c4\" class=\"d-flex h-flex-basis h-column__inner h-px-lg-2 h-px-md-2 h-px-2 v-inner-lg-2 v-inner-md-2 v-inner-2 style-711 style-local-657-c4 position-relative\">\n              <!---->\n              <!---->\n              <div class=\"w-100 h-y-container h-column__content h-column__v-align flex-basis-100 align-self-lg-start align-self-md-start align-self-start\">\n                <!---->\n                <div data-colibri-id=\"657-c5\" class=\"h-text h-text-component style-712 style-local-657-c5 position-relative h-element\">\n                  <!---->\n                  <!---->\n                  <div class=\"\"><\/div>\n                <\/div>\n              <\/div>\n            <\/div>\n          <\/div>\n        <\/div>\n      <\/div>\n    <\/div>\n  <\/div>\n  <div data-colibri-component=\"section\" data-colibri-id=\"657-c10\" id=\"custom\" class=\"h-section h-section-global-spacing d-flex align-items-lg-center align-items-md-center align-items-center style-769 style-local-657-c10 position-relative\">\n    <!---->\n    <!---->\n    <div class=\"h-section-grid-container h-section-boxed-container\">\n      <!---->\n      <div data-colibri-id=\"657-c11\" class=\"h-row-container gutters-row-lg-2 gutters-row-md-2 gutters-row-0 gutters-row-v-lg-2 gutters-row-v-md-2 gutters-row-v-2 style-770 style-local-657-c11 position-relative\">\n        <!---->\n        <div class=\"h-row justify-content-lg-center justify-content-md-center justify-content-center align-items-lg-stretch align-items-md-stretch align-items-stretch gutters-col-lg-2 gutters-col-md-2 gutters-col-0 gutters-col-v-lg-2 gutters-col-v-md-2 gutters-col-v-2\">\n          <!---->\n          <div class=\"h-column h-column-container d-flex h-col-lg-auto h-col-md-auto h-col-auto style-771-outer style-local-657-c12-outer\">\n            <div data-colibri-id=\"657-c12\" class=\"d-flex h-flex-basis h-column__inner h-px-lg-2 h-px-md-2 h-px-2 v-inner-lg-2 v-inner-md-2 v-inner-2 style-771 style-local-657-c12 position-relative\">\n              <!---->\n              <!---->\n              <div class=\"w-100 h-y-container h-column__content h-column__v-align flex-basis-100 align-self-lg-start align-self-md-start align-self-start\">\n                <!---->\n                <div data-colibri-id=\"657-c13\" class=\"d-block style-789 style-local-657-c13 position-relative h-element\">\n                  <!---->\n                  <div class=\"h-image__frame-container-outer\">\n                    <div class=\"h-image__frame-container\">\n                      <!---->\n                      <!---->\n                      <img loading=\"lazy\" decoding=\"async\" width=\"1919\" height=\"2557\" src=\"https:\/\/www.emmanueldecockborne.art\/wp-content\/uploads\/2026\/04\/cropped-20260403_184236-scaled-2.jpg\" class=\"wp-image-681 style-789-image style-local-657-c13-image\" alt=\"\" srcset=\"https:\/\/www.emmanueldecockborne.art\/wp-content\/uploads\/2026\/04\/cropped-20260403_184236-scaled-2.jpg 1919w, https:\/\/www.emmanueldecockborne.art\/wp-content\/uploads\/2026\/04\/cropped-20260403_184236-scaled-2-225x300.jpg 225w, https:\/\/www.emmanueldecockborne.art\/wp-content\/uploads\/2026\/04\/cropped-20260403_184236-scaled-2-769x1024.jpg 769w, https:\/\/www.emmanueldecockborne.art\/wp-content\/uploads\/2026\/04\/cropped-20260403_184236-scaled-2-768x1023.jpg 768w, https:\/\/www.emmanueldecockborne.art\/wp-content\/uploads\/2026\/04\/cropped-20260403_184236-scaled-2-1153x1536.jpg 1153w, https:\/\/www.emmanueldecockborne.art\/wp-content\/uploads\/2026\/04\/cropped-20260403_184236-scaled-2-1537x2048.jpg 1537w\" sizes=\"auto, (max-width: 1919px) 100vw, 1919px\" \/>\n                      <div class=\"h-image__frame h-hide-lg h-hide-md h-hide-sm style-789-frameImage style-local-657-c13-frameImage\"><\/div>\n                    <\/div>\n                  <\/div>\n                <\/div>\n              <\/div>\n            <\/div>\n          <\/div>\n          <div class=\"h-column h-column-container d-flex h-col-lg-auto h-col-md-auto h-col-auto style-772-outer style-local-657-c14-outer\">\n            <div data-colibri-id=\"657-c14\" class=\"d-flex h-flex-basis h-column__inner h-px-lg-2 h-px-md-2 h-px-2 v-inner-lg-2 v-inner-md-2 v-inner-2 style-772 style-local-657-c14 position-relative\">\n              <!---->\n              <!---->\n              <div class=\"w-100 h-y-container h-column__content h-column__v-align flex-basis-100 align-self-lg-start align-self-md-start align-self-start\">\n                <!---->\n                <div data-colibri-id=\"657-c15\" class=\"d-block style-790 style-local-657-c15 position-relative h-element\">\n                  <!---->\n                  <div class=\"h-image__frame-container-outer\">\n                    <div class=\"h-image__frame-container\">\n                      <!---->\n                      <!---->\n                      <img loading=\"lazy\" decoding=\"async\" width=\"1919\" height=\"2557\" src=\"https:\/\/www.emmanueldecockborne.art\/wp-content\/uploads\/2026\/04\/cropped-20260403_184015-1-scaled-1.jpg\" class=\"wp-image-679 style-790-image style-local-657-c15-image\" alt=\"\" srcset=\"https:\/\/www.emmanueldecockborne.art\/wp-content\/uploads\/2026\/04\/cropped-20260403_184015-1-scaled-1.jpg 1919w, https:\/\/www.emmanueldecockborne.art\/wp-content\/uploads\/2026\/04\/cropped-20260403_184015-1-scaled-1-225x300.jpg 225w, https:\/\/www.emmanueldecockborne.art\/wp-content\/uploads\/2026\/04\/cropped-20260403_184015-1-scaled-1-769x1024.jpg 769w, https:\/\/www.emmanueldecockborne.art\/wp-content\/uploads\/2026\/04\/cropped-20260403_184015-1-scaled-1-768x1023.jpg 768w, https:\/\/www.emmanueldecockborne.art\/wp-content\/uploads\/2026\/04\/cropped-20260403_184015-1-scaled-1-1153x1536.jpg 1153w, https:\/\/www.emmanueldecockborne.art\/wp-content\/uploads\/2026\/04\/cropped-20260403_184015-1-scaled-1-1537x2048.jpg 1537w\" sizes=\"auto, (max-width: 1919px) 100vw, 1919px\" \/>\n                      <div class=\"h-image__frame h-hide-lg h-hide-md h-hide-sm style-790-frameImage style-local-657-c15-frameImage\"><\/div>\n                    <\/div>\n                  <\/div>\n                <\/div>\n              <\/div>\n            <\/div>\n          <\/div>\n          <div class=\"h-column h-column-container d-flex h-col-lg-auto h-col-md-auto h-col-auto style-773-outer style-local-657-c16-outer\">\n            <div data-colibri-id=\"657-c16\" class=\"d-flex h-flex-basis h-column__inner h-px-lg-2 h-px-md-2 h-px-2 v-inner-lg-2 v-inner-md-2 v-inner-2 style-773 style-local-657-c16 position-relative\">\n              <!---->\n              <!---->\n              <div class=\"w-100 h-y-container h-column__content h-column__v-align flex-basis-100 align-self-lg-start align-self-md-start align-self-start\">\n                <!---->\n                <div data-colibri-id=\"657-c17\" class=\"d-block style-791 style-local-657-c17 position-relative h-element\">\n                  <!---->\n                  <div class=\"h-image__frame-container-outer\">\n                    <div class=\"h-image__frame-container\">\n                      <!---->\n                      <!---->\n                      <img loading=\"lazy\" decoding=\"async\" width=\"1920\" height=\"2560\" src=\"https:\/\/www.emmanueldecockborne.art\/wp-content\/uploads\/2026\/04\/20260403_183900-1-scaled.jpg\" class=\"wp-image-706 style-791-image style-local-657-c17-image\" alt=\"\" srcset=\"https:\/\/www.emmanueldecockborne.art\/wp-content\/uploads\/2026\/04\/20260403_183900-1-scaled.jpg 1920w, https:\/\/www.emmanueldecockborne.art\/wp-content\/uploads\/2026\/04\/20260403_183900-1-225x300.jpg 225w, https:\/\/www.emmanueldecockborne.art\/wp-content\/uploads\/2026\/04\/20260403_183900-1-768x1024.jpg 768w, https:\/\/www.emmanueldecockborne.art\/wp-content\/uploads\/2026\/04\/20260403_183900-1-1152x1536.jpg 1152w, https:\/\/www.emmanueldecockborne.art\/wp-content\/uploads\/2026\/04\/20260403_183900-1-1536x2048.jpg 1536w\" sizes=\"auto, (max-width: 1920px) 100vw, 1920px\" \/>\n                      <div class=\"h-image__frame h-hide-lg h-hide-md h-hide-sm style-791-frameImage style-local-657-c17-frameImage\"><\/div>\n                    <\/div>\n                  <\/div>\n                <\/div>\n              <\/div>\n            <\/div>\n          <\/div>\n          <div class=\"h-column h-column-container d-flex h-col-lg-auto h-col-md-auto h-col-auto style-774-outer style-local-657-c18-outer\">\n            <div data-colibri-id=\"657-c18\" class=\"d-flex h-flex-basis h-column__inner h-px-lg-2 h-px-md-2 h-px-2 v-inner-lg-2 v-inner-md-2 v-inner-2 style-774 style-local-657-c18 position-relative\">\n              <!---->\n              <!---->\n              <div class=\"w-100 h-y-container h-column__content h-column__v-align flex-basis-100 align-self-lg-start align-self-md-start align-self-start\">\n                <!---->\n                <div data-colibri-id=\"657-c19\" class=\"d-block style-792 style-local-657-c19 position-relative h-element\">\n                  <!---->\n                  <div class=\"h-image__frame-container-outer\">\n                    <div class=\"h-image__frame-container\">\n                      <!---->\n                      <!---->\n                      <img loading=\"lazy\" decoding=\"async\" width=\"1920\" height=\"2560\" src=\"https:\/\/www.emmanueldecockborne.art\/wp-content\/uploads\/2026\/04\/20260403_183650-scaled.jpg\" class=\"wp-image-705 style-792-image style-local-657-c19-image\" alt=\"\" srcset=\"https:\/\/www.emmanueldecockborne.art\/wp-content\/uploads\/2026\/04\/20260403_183650-scaled.jpg 1920w, https:\/\/www.emmanueldecockborne.art\/wp-content\/uploads\/2026\/04\/20260403_183650-225x300.jpg 225w, https:\/\/www.emmanueldecockborne.art\/wp-content\/uploads\/2026\/04\/20260403_183650-768x1024.jpg 768w, https:\/\/www.emmanueldecockborne.art\/wp-content\/uploads\/2026\/04\/20260403_183650-1152x1536.jpg 1152w, https:\/\/www.emmanueldecockborne.art\/wp-content\/uploads\/2026\/04\/20260403_183650-1536x2048.jpg 1536w\" sizes=\"auto, (max-width: 1920px) 100vw, 1920px\" \/>\n                      <div class=\"h-image__frame h-hide-lg h-hide-md h-hide-sm style-792-frameImage style-local-657-c19-frameImage\"><\/div>\n                    <\/div>\n                  <\/div>\n                <\/div>\n              <\/div>\n            <\/div>\n          <\/div>\n        <\/div>\n      <\/div>\n      <div data-colibri-id=\"657-c20\" class=\"h-row-container gutters-row-lg-2 gutters-row-md-2 gutters-row-0 gutters-row-v-lg-2 gutters-row-v-md-2 gutters-row-v-2 style-784 style-local-657-c20 position-relative\">\n        <!---->\n        <div class=\"h-row justify-content-lg-center justify-content-md-center justify-content-center align-items-lg-stretch align-items-md-stretch align-items-stretch gutters-col-lg-2 gutters-col-md-2 gutters-col-0 gutters-col-v-lg-2 gutters-col-v-md-2 gutters-col-v-2\">\n          <!---->\n          <div class=\"h-column h-column-container d-flex h-col-lg-3 h-col-md-3 h-col-12 style-785-outer style-local-657-c21-outer\">\n            <div data-colibri-id=\"657-c21\" class=\"d-flex h-flex-basis h-column__inner h-ui-empty-state-container h-px-lg-2 h-px-md-2 h-px-2 v-inner-lg-2 v-inner-md-2 v-inner-2 style-785 style-local-657-c21 position-relative\">\n              <!---->\n              <!---->\n              <div class=\"w-100 h-y-container h-column__content h-column__v-align flex-basis-100\">\n                <!---->\n              <\/div>\n            <\/div>\n          <\/div>\n          <div class=\"h-column h-column-container d-flex h-col-lg-3 h-col-md-3 h-col-12 style-786-outer style-local-657-c22-outer\">\n            <div data-colibri-id=\"657-c22\" class=\"d-flex h-flex-basis h-column__inner h-ui-empty-state-container h-px-lg-2 h-px-md-2 h-px-2 v-inner-lg-2 v-inner-md-2 v-inner-2 style-786 style-local-657-c22 position-relative\">\n              <!---->\n              <!---->\n              <div class=\"w-100 h-y-container h-column__content h-column__v-align flex-basis-100\">\n                <!---->\n              <\/div>\n            <\/div>\n          <\/div>\n          <div class=\"h-column h-column-container d-flex h-col-lg-3 h-col-md-3 h-col-12 style-787-outer style-local-657-c23-outer\">\n            <div data-colibri-id=\"657-c23\" class=\"d-flex h-flex-basis h-column__inner h-ui-empty-state-container h-px-lg-2 h-px-md-2 h-px-2 v-inner-lg-2 v-inner-md-2 v-inner-2 style-787 style-local-657-c23 position-relative\">\n              <!---->\n              <!---->\n              <div class=\"w-100 h-y-container h-column__content h-column__v-align flex-basis-100\">\n                <!---->\n              <\/div>\n            <\/div>\n          <\/div>\n          <div class=\"h-column h-column-container d-flex h-col-lg-3 h-col-md-3 h-col-12 style-788-outer style-local-657-c24-outer\">\n            <div data-colibri-id=\"657-c24\" class=\"d-flex h-flex-basis h-column__inner h-ui-empty-state-container h-px-lg-2 h-px-md-2 h-px-2 v-inner-lg-2 v-inner-md-2 v-inner-2 style-788 style-local-657-c24 position-relative\">\n              <!---->\n              <!---->\n              <div class=\"w-100 h-y-container h-column__content h-column__v-align flex-basis-100\">\n                <!---->\n              <\/div>\n            <\/div>\n          <\/div>\n        <\/div>\n      <\/div>\n    <\/div>\n  <\/div>\n<\/div>","protected":false},"excerpt":{"rendered":"<p>d\u00e9couvrez mes r\u00e9alisations dans la cat\u00e9gorie fleurs.&nbsp; Galerie [&hellip;]<\/p>\n","protected":false},"author":2,"featured_media":0,"parent":213,"menu_order":0,"comment_status":"closed","ping_status":"closed","template":"page-templates\/full-width-page.php","meta":{"footnotes":""},"class_list":["post-657","page","type-page","status-publish","hentry"],"_links":{"self":[{"href":"https:\/\/www.emmanueldecockborne.art\/index.php\/wp-json\/wp\/v2\/pages\/657","targetHints":{"allow":["GET"]}}],"collection":[{"href":"https:\/\/www.emmanueldecockborne.art\/index.php\/wp-json\/wp\/v2\/pages"}],"about":[{"href":"https:\/\/www.emmanueldecockborne.art\/index.php\/wp-json\/wp\/v2\/types\/page"}],"author":[{"embeddable":true,"href":"https:\/\/www.emmanueldecockborne.art\/index.php\/wp-json\/wp\/v2\/users\/2"}],"replies":[{"embeddable":true,"href":"https:\/\/www.emmanueldecockborne.art\/index.php\/wp-json\/wp\/v2\/comments?post=657"}],"version-history":[{"count":7,"href":"https:\/\/www.emmanueldecockborne.art\/index.php\/wp-json\/wp\/v2\/pages\/657\/revisions"}],"predecessor-version":[{"id":709,"href":"https:\/\/www.emmanueldecockborne.art\/index.php\/wp-json\/wp\/v2\/pages\/657\/revisions\/709"}],"up":[{"embeddable":true,"href":"https:\/\/www.emmanueldecockborne.art\/index.php\/wp-json\/wp\/v2\/pages\/213"}],"wp:attachment":[{"href":"https:\/\/www.emmanueldecockborne.art\/index.php\/wp-json\/wp\/v2\/media?parent=657"}],"curies":[{"name":"wp","href":"https:\/\/api.w.org\/{rel}","templated":true}]}}